{"id":14093,"date":"2023-02-04T11:51:18","date_gmt":"2023-02-04T11:51:18","guid":{"rendered":"https:\/\/coolrentalcar.com\/car\/vw-golf-7-gtd\/"},"modified":"2023-02-04T11:51:18","modified_gmt":"2023-02-04T11:51:18","slug":"vw-golf-7-gtd","status":"publish","type":"product","link":"https:\/\/coolrentalcar.com\/sq\/car\/vw-golf-7-gtd\/","title":{"rendered":"VW Golf 7 GTD"},"content":{"rendered":"","protected":false},"excerpt":{"rendered":"<h3><strong>Volkswagen Golf 7 GTD<\/strong><\/h3>\n","protected":false},"featured_media":13454,"template":"","meta":[],"product_brand":[],"product_cat":[153,171],"product_tag":[143,141,142,160,161,155,158,157,140,159],"class_list":{"0":"post-14093","1":"product","2":"type-product","3":"status-publish","4":"has-post-thumbnail","6":"type-hatchback","7":"manufacturer-volkswagen","8":"steering-left","9":"gearbox-automatic","10":"auto_park-tirane","11":"product_cat-all-cars","12":"product_cat-vw-golf","13":"product_tag-car-rental","14":"product_tag-car-rental-rinas","15":"product_tag-car-rental-tia","16":"product_tag-golf-7-gtd","17":"product_tag-golf-me-qera","18":"product_tag-makine-me-qera","19":"product_tag-makine-me-qera-aeroport","20":"product_tag-makine-me-qera-rinas","21":"product_tag-rental-car-tirana","22":"product_tag-volkswagen","24":"first","25":"instock","26":"shipping-taxable","27":"purchasable","28":"product-type-ovacrs_car_rental"},"yoast_head":"<!-- This site is optimized with the Yoast SEO Premium plugin v23.7 (Yoast SEO v27.3) - https:\/\/yoast.com\/product\/yoast-seo-premium-wordpress\/ -->\n<title>VW Golf 7 GTD - Cool Rental Car<\/title>\n<meta name=\"robots\" content=\"index, follow, max-snippet:-1, max-image-preview:large, max-video-preview:-1\" \/>\n<link rel=\"canonical\" href=\"https:\/\/coolrentalcar.com\/sq\/car\/vw-golf-7-gtd\/\" \/>\n<meta property=\"og:locale\" content=\"sq_AL\" \/>\n<meta property=\"og:type\" content=\"article\" \/>\n<meta property=\"og:title\" content=\"VW Golf 7 GTD\" \/>\n<meta property=\"og:description\" content=\"Volkswagen Golf 7 GTD\" \/>\n<meta property=\"og:url\" content=\"https:\/\/coolrentalcar.com\/sq\/car\/vw-golf-7-gtd\/\" \/>\n<meta property=\"og:site_name\" content=\"Cool Rental Car\" \/>\n<meta property=\"og:image\" content=\"https:\/\/coolrentalcar.com\/wp-content\/uploads\/2023\/02\/golf-7-2015-GTD.jpg\" \/>\n\t<meta property=\"og:image:width\" content=\"1200\" \/>\n\t<meta property=\"og:image:height\" content=\"800\" \/>\n\t<meta property=\"og:image:type\" content=\"image\/jpeg\" \/>\n<meta name=\"twitter:card\" content=\"summary_large_image\" \/>\n<script type=\"application\/ld+json\" class=\"yoast-schema-graph\">{\"@context\":\"https:\\\/\\\/schema.org\",\"@graph\":[{\"@type\":\"WebPage\",\"@id\":\"https:\\\/\\\/coolrentalcar.com\\\/sq\\\/car\\\/vw-golf-7-gtd\\\/\",\"url\":\"https:\\\/\\\/coolrentalcar.com\\\/sq\\\/car\\\/vw-golf-7-gtd\\\/\",\"name\":\"VW Golf 7 GTD - Cool Rental Car\",\"isPartOf\":{\"@id\":\"https:\\\/\\\/coolrentalcar.com\\\/#website\"},\"primaryImageOfPage\":{\"@id\":\"https:\\\/\\\/coolrentalcar.com\\\/sq\\\/car\\\/vw-golf-7-gtd\\\/#primaryimage\"},\"image\":{\"@id\":\"https:\\\/\\\/coolrentalcar.com\\\/sq\\\/car\\\/vw-golf-7-gtd\\\/#primaryimage\"},\"thumbnailUrl\":\"https:\\\/\\\/coolrentalcar.com\\\/wp-content\\\/uploads\\\/2023\\\/02\\\/golf-7-2015-GTD.jpg\",\"datePublished\":\"2023-02-04T11:51:18+00:00\",\"breadcrumb\":{\"@id\":\"https:\\\/\\\/coolrentalcar.com\\\/sq\\\/car\\\/vw-golf-7-gtd\\\/#breadcrumb\"},\"inLanguage\":\"sq-AL\",\"potentialAction\":[{\"@type\":\"ReadAction\",\"target\":[\"https:\\\/\\\/coolrentalcar.com\\\/sq\\\/car\\\/vw-golf-7-gtd\\\/\"]}]},{\"@type\":\"ImageObject\",\"inLanguage\":\"sq-AL\",\"@id\":\"https:\\\/\\\/coolrentalcar.com\\\/sq\\\/car\\\/vw-golf-7-gtd\\\/#primaryimage\",\"url\":\"https:\\\/\\\/coolrentalcar.com\\\/wp-content\\\/uploads\\\/2023\\\/02\\\/golf-7-2015-GTD.jpg\",\"contentUrl\":\"https:\\\/\\\/coolrentalcar.com\\\/wp-content\\\/uploads\\\/2023\\\/02\\\/golf-7-2015-GTD.jpg\",\"width\":1200,\"height\":800,\"caption\":\"Makina me Qera Astir Tirane - Cool Rental Car - ML me Qera Tirane - Golf 7 me Qera Tirane - BMW X1 me Qera - Golf 6 me Qera Tirane Makina me qera Tiran\u00eb, Shqip\u00ebri - Cool Rental Car operon n\u00eb sektorin e makinave me qera n\u00eb Shqip\u00ebri prej disa vitesh. Makina me qera Shqiperi Agjensi Makinash me Qera Tirane, Shqiperi - Cool Rental Car - Marka Premium, \u00c7mime Konkurruese - Asistence 24\\\/7 Car Rental Tirana, Albania - Cool Rental Car operates in the rental car sector on Albania in for several years. Car Rental Albania - Car Rental Agency Tirana, Albania - Cool Rental Car - Premium Brands, Competitive Prices - 24\\\/7 Assistance\"},{\"@type\":\"BreadcrumbList\",\"@id\":\"https:\\\/\\\/coolrentalcar.com\\\/sq\\\/car\\\/vw-golf-7-gtd\\\/#breadcrumb\",\"itemListElement\":[{\"@type\":\"ListItem\",\"position\":1,\"name\":\"Home\",\"item\":\"https:\\\/\\\/coolrentalcar.com\\\/sq\\\/\"},{\"@type\":\"ListItem\",\"position\":2,\"name\":\"Products\",\"item\":\"https:\\\/\\\/coolrentalcar.com\\\/sq\\\/shop\\\/\"},{\"@type\":\"ListItem\",\"position\":3,\"name\":\"VW Golf 7 GTD\"}]},{\"@type\":\"WebSite\",\"@id\":\"https:\\\/\\\/coolrentalcar.com\\\/#website\",\"url\":\"https:\\\/\\\/coolrentalcar.com\\\/\",\"name\":\"Cool Rental Car\",\"description\":\"Car Rental Tirana Airport, Rinas Albania\",\"publisher\":{\"@id\":\"https:\\\/\\\/coolrentalcar.com\\\/#organization\"},\"potentialAction\":[{\"@type\":\"SearchAction\",\"target\":{\"@type\":\"EntryPoint\",\"urlTemplate\":\"https:\\\/\\\/coolrentalcar.com\\\/?s={search_term_string}\"},\"query-input\":{\"@type\":\"PropertyValueSpecification\",\"valueRequired\":true,\"valueName\":\"search_term_string\"}}],\"inLanguage\":\"sq-AL\"},{\"@type\":\"Organization\",\"@id\":\"https:\\\/\\\/coolrentalcar.com\\\/#organization\",\"name\":\"Cool Rental Car\",\"url\":\"https:\\\/\\\/coolrentalcar.com\\\/\",\"logo\":{\"@type\":\"ImageObject\",\"inLanguage\":\"sq-AL\",\"@id\":\"https:\\\/\\\/coolrentalcar.com\\\/#\\\/schema\\\/logo\\\/image\\\/\",\"url\":\"https:\\\/\\\/coolrentalcar.com\\\/wp-content\\\/uploads\\\/2023\\\/02\\\/cropped-Icon-COOL-RENTAL-CAR-logo-01.png\",\"contentUrl\":\"https:\\\/\\\/coolrentalcar.com\\\/wp-content\\\/uploads\\\/2023\\\/02\\\/cropped-Icon-COOL-RENTAL-CAR-logo-01.png\",\"width\":512,\"height\":512,\"caption\":\"Cool Rental Car\"},\"image\":{\"@id\":\"https:\\\/\\\/coolrentalcar.com\\\/#\\\/schema\\\/logo\\\/image\\\/\"}}]}<\/script>\n<!-- \/ Yoast SEO Premium plugin. -->","yoast_head_json":{"title":"VW Golf 7 GTD - Cool Rental Car","robots":{"index":"index","follow":"follow","max-snippet":"max-snippet:-1","max-image-preview":"max-image-preview:large","max-video-preview":"max-video-preview:-1"},"canonical":"https:\/\/coolrentalcar.com\/sq\/car\/vw-golf-7-gtd\/","og_locale":"sq_AL","og_type":"article","og_title":"VW Golf 7 GTD","og_description":"Volkswagen Golf 7 GTD","og_url":"https:\/\/coolrentalcar.com\/sq\/car\/vw-golf-7-gtd\/","og_site_name":"Cool Rental Car","og_image":[{"width":1200,"height":800,"url":"https:\/\/coolrentalcar.com\/wp-content\/uploads\/2023\/02\/golf-7-2015-GTD.jpg","type":"image\/jpeg"}],"twitter_card":"summary_large_image","schema":{"@context":"https:\/\/schema.org","@graph":[{"@type":"WebPage","@id":"https:\/\/coolrentalcar.com\/sq\/car\/vw-golf-7-gtd\/","url":"https:\/\/coolrentalcar.com\/sq\/car\/vw-golf-7-gtd\/","name":"VW Golf 7 GTD - Cool Rental Car","isPartOf":{"@id":"https:\/\/coolrentalcar.com\/#website"},"primaryImageOfPage":{"@id":"https:\/\/coolrentalcar.com\/sq\/car\/vw-golf-7-gtd\/#primaryimage"},"image":{"@id":"https:\/\/coolrentalcar.com\/sq\/car\/vw-golf-7-gtd\/#primaryimage"},"thumbnailUrl":"https:\/\/coolrentalcar.com\/wp-content\/uploads\/2023\/02\/golf-7-2015-GTD.jpg","datePublished":"2023-02-04T11:51:18+00:00","breadcrumb":{"@id":"https:\/\/coolrentalcar.com\/sq\/car\/vw-golf-7-gtd\/#breadcrumb"},"inLanguage":"sq-AL","potentialAction":[{"@type":"ReadAction","target":["https:\/\/coolrentalcar.com\/sq\/car\/vw-golf-7-gtd\/"]}]},{"@type":"ImageObject","inLanguage":"sq-AL","@id":"https:\/\/coolrentalcar.com\/sq\/car\/vw-golf-7-gtd\/#primaryimage","url":"https:\/\/coolrentalcar.com\/wp-content\/uploads\/2023\/02\/golf-7-2015-GTD.jpg","contentUrl":"https:\/\/coolrentalcar.com\/wp-content\/uploads\/2023\/02\/golf-7-2015-GTD.jpg","width":1200,"height":800,"caption":"Makina me Qera Astir Tirane - Cool Rental Car - ML me Qera Tirane - Golf 7 me Qera Tirane - BMW X1 me Qera - Golf 6 me Qera Tirane Makina me qera Tiran\u00eb, Shqip\u00ebri - Cool Rental Car operon n\u00eb sektorin e makinave me qera n\u00eb Shqip\u00ebri prej disa vitesh. Makina me qera Shqiperi Agjensi Makinash me Qera Tirane, Shqiperi - Cool Rental Car - Marka Premium, \u00c7mime Konkurruese - Asistence 24\/7 Car Rental Tirana, Albania - Cool Rental Car operates in the rental car sector on Albania in for several years. Car Rental Albania - Car Rental Agency Tirana, Albania - Cool Rental Car - Premium Brands, Competitive Prices - 24\/7 Assistance"},{"@type":"BreadcrumbList","@id":"https:\/\/coolrentalcar.com\/sq\/car\/vw-golf-7-gtd\/#breadcrumb","itemListElement":[{"@type":"ListItem","position":1,"name":"Home","item":"https:\/\/coolrentalcar.com\/sq\/"},{"@type":"ListItem","position":2,"name":"Products","item":"https:\/\/coolrentalcar.com\/sq\/shop\/"},{"@type":"ListItem","position":3,"name":"VW Golf 7 GTD"}]},{"@type":"WebSite","@id":"https:\/\/coolrentalcar.com\/#website","url":"https:\/\/coolrentalcar.com\/","name":"Cool Rental Car","description":"Car Rental Tirana Airport, Rinas Albania","publisher":{"@id":"https:\/\/coolrentalcar.com\/#organization"},"potentialAction":[{"@type":"SearchAction","target":{"@type":"EntryPoint","urlTemplate":"https:\/\/coolrentalcar.com\/?s={search_term_string}"},"query-input":{"@type":"PropertyValueSpecification","valueRequired":true,"valueName":"search_term_string"}}],"inLanguage":"sq-AL"},{"@type":"Organization","@id":"https:\/\/coolrentalcar.com\/#organization","name":"Cool Rental Car","url":"https:\/\/coolrentalcar.com\/","logo":{"@type":"ImageObject","inLanguage":"sq-AL","@id":"https:\/\/coolrentalcar.com\/#\/schema\/logo\/image\/","url":"https:\/\/coolrentalcar.com\/wp-content\/uploads\/2023\/02\/cropped-Icon-COOL-RENTAL-CAR-logo-01.png","contentUrl":"https:\/\/coolrentalcar.com\/wp-content\/uploads\/2023\/02\/cropped-Icon-COOL-RENTAL-CAR-logo-01.png","width":512,"height":512,"caption":"Cool Rental Car"},"image":{"@id":"https:\/\/coolrentalcar.com\/#\/schema\/logo\/image\/"}}]}},"_links":{"self":[{"href":"https:\/\/coolrentalcar.com\/sq\/wp-json\/wp\/v2\/product\/14093","targetHints":{"allow":["GET"]}}],"collection":[{"href":"https:\/\/coolrentalcar.com\/sq\/wp-json\/wp\/v2\/product"}],"about":[{"href":"https:\/\/coolrentalcar.com\/sq\/wp-json\/wp\/v2\/types\/product"}],"wp:featuredmedia":[{"embeddable":true,"href":"https:\/\/coolrentalcar.com\/sq\/wp-json\/wp\/v2\/media\/13454"}],"wp:attachment":[{"href":"https:\/\/coolrentalcar.com\/sq\/wp-json\/wp\/v2\/media?parent=14093"}],"wp:term":[{"taxonomy":"product_brand","embeddable":true,"href":"https:\/\/coolrentalcar.com\/sq\/wp-json\/wp\/v2\/product_brand?post=14093"},{"taxonomy":"product_cat","embeddable":true,"href":"https:\/\/coolrentalcar.com\/sq\/wp-json\/wp\/v2\/product_cat?post=14093"},{"taxonomy":"product_tag","embeddable":true,"href":"https:\/\/coolrentalcar.com\/sq\/wp-json\/wp\/v2\/product_tag?post=14093"}],"curies":[{"name":"wp","href":"https:\/\/api.w.org\/{rel}","templated":true}]}}