{"id":13580,"date":"2022-11-27T14:13:12","date_gmt":"2022-11-27T14:13:12","guid":{"rendered":"https:\/\/coolrentalcar.com\/termat-dhe-kushtet\/"},"modified":"2023-02-09T13:03:38","modified_gmt":"2023-02-09T13:03:38","slug":"termat-dhe-kushtet","status":"publish","type":"page","link":"https:\/\/coolrentalcar.com\/sq\/termat-dhe-kushtet\/","title":{"rendered":"Termat dhe Kushtet"},"content":{"rendered":"\t\t<div data-elementor-type=\"wp-page\" data-elementor-id=\"13580\" class=\"elementor elementor-13580 elementor-3\">\n\t\t\t\t\t\t<section class=\"elementor-section elementor-top-section elementor-element elementor-element-562d8178 elementor-section-boxed elementor-section-height-default elementor-section-height-default\" data-id=\"562d8178\" data-element_type=\"section\" data-e-type=\"section\">\n\t\t\t\t\t\t<div class=\"elementor-container elementor-column-gap-default\">\n\t\t\t\t\t<div class=\"elementor-column elementor-col-100 elementor-top-column elementor-element elementor-element-54bc67f\" data-id=\"54bc67f\" data-element_type=\"column\" data-e-type=\"column\">\n\t\t\t<div class=\"elementor-widget-wrap elementor-element-populated\">\n\t\t\t\t\t\t<div class=\"elementor-element elementor-element-1027dc6a elementor-widget elementor-widget-text-editor\" data-id=\"1027dc6a\" data-element_type=\"widget\" data-e-type=\"widget\" data-widget_type=\"text-editor.default\">\n\t\t\t\t<div class=\"elementor-widget-container\">\n\t\t\t\t\t\t\t\t\t\n<h2>Preliminary Provisions<\/h2>\n\n\n\n<p>Marrja me qera e automjeteve p\u00ebrfshin n\u00ebnshkrimin e nj\u00eb kontrate e cila autorizon p\u00ebrdorimin e automjetit duke p\u00ebrfshir\u00eb n\u00eb \u00e7mim t\u00eb gjitha sh\u00ebrbimet e tjera shtes\u00eb.<\/p>\n<p>N\u00ebnshkrimi i kontrat\u00ebs nga t\u00eb dy pal\u00ebt n\u00ebnkupton pranimin e plot\u00eb t\u00eb kushteve t\u00eb saj mbi statusin e kilometrazhit, nivelin e karburantit, d\u00ebmtimet dhe mang\u00ebsit\u00eb e mundshme t\u00eb automjetit me qera dhe t\u00eb drejtat dhe detyrimet e tjera t\u00eb t\u00eb dy pal\u00ebve.<\/p>\n\n\n\n<h2>Kushtet e Qeras\u00eb<\/h2>\n\n\n\n<p>Me n\u00ebnshkrimin e kontrat\u00ebs, p\u00ebrdoruesi konfirmon marrjen n\u00eb p\u00ebrdorim t\u00eb automjetit n\u00eb gjendje optimale dhe t\u00eb pajisur me dokumentacionin shoq\u00ebrues.<\/p>\n<p>Shoferi, i cili merr automjetin dhe n\u00ebnshkruan kontrat\u00ebn, deklaron se ai ka autoritetin dhe garanton p\u00ebrgjegj\u00ebsin\u00eb e tij tek qiradh\u00ebn\u00ebsi dhe \u00ebsht\u00eb p\u00ebrgjegj\u00ebs p\u00ebr p\u00ebrmbushjen e t\u00eb gjitha detyrimeve sipas k\u00ebsaj marr\u00ebveshje.<\/p>\n<p>P\u00ebrdoruesi \u00ebsht\u00eb p\u00ebrgjegj\u00ebs p\u00ebr shkeljet e trafikut t\u00eb b\u00ebra gjat\u00eb afatit t\u00eb kontrat\u00ebs, edhe pas p\u00ebrfundimit t\u00eb kontrat\u00ebs.<\/p>\n\n\n\n<h2>Kushtet e Pages\u00ebs<\/h2>\n\n\n\n<p>Me n\u00ebnshkrimin e marr\u00ebveshjes s\u00eb qiras\u00eb, klienti ka detyrimin t\u00eb shlyej paraprakisht shum\u00ebn e nevojshme p\u00ebr qira t\u00eb p\u00ebrditshme p\u00ebr tarif\u00ebn e r\u00ebn\u00eb dakord, si dhe t\u00eb gjitha shtesat ditore (siguracioni, pajisje shtese), si dhe \u00e7do kosto tjet\u00ebr t\u00eb mundshme q\u00eb lind nga keqp\u00ebrdorimi i automjetit.<\/p>\n<p>Pagesa mund t\u00eb kryhen cash, me transfert\u00eb bankare ose me kart\u00eb krediti \/ debitit t\u00eb p\u00ebrdoruesit, n\u00eb t\u00eb cilin \u00ebsht\u00eb kryer autorizimi paraprak, ose ndonj\u00eb mjet tjet\u00ebr pagesash per te cilat kane r\u00ebn\u00eb dakord.<\/p>\n\n\n\n<h2>Detyrimet e P\u00ebrdoruesit<\/h2>\n\n\n\n<p>Me n\u00ebnshkrimin e marr\u00ebveshjes, p\u00ebrdoruesi deklaron se i njeh t\u00eb gjitha detyrimet e p\u00ebrcaktuara m\u00eb posht\u00eb dhe i pranon ato:<\/p>\n<ul>\n<li>se automjeti do t\u00eb kthehet n\u00eb vendin dhe kohen e r\u00ebn\u00eb dakord, n\u00eb gjendjen ne te cilen eshte marre, me sasin\u00eb e karburantit me t\u00eb cilin \u00ebsht\u00eb marr\u00eb, ose edhe para koh\u00ebs s\u00eb rene dakord me k\u00ebrkes\u00eb t\u00eb qeradh\u00ebn\u00ebsit;<\/li>\n<li>zgjatja e koh\u00ebzgjatjes t\u00eb qiras\u00eb, si dhe t\u00eb gjitha ndryshimet e tjera n\u00eb lidhje me qiran\u00eb, duhet t\u00eb dakord\u00ebsohen midis qeradh\u00ebn\u00ebsit dhe qeramarr\u00ebsit, t\u00eb pakt\u00ebn para skadimit t\u00eb afatit t\u00eb qiras\u00eb; p\u00ebrndryshe qeradh\u00ebn\u00ebsi \u00ebsht\u00eb i autorizuar t\u00eb raportoj\u00eb se automjeti i dh\u00ebn\u00eb me qira mungon.<\/li>\n<li>automjeti do t\u00eb p\u00ebrdoret vet\u00ebm nga shoferi ose shofer\u00ebt shtes\u00eb t\u00eb deklaruar n\u00eb kontrat\u00eb, vet\u00ebm p\u00ebr p\u00ebrdorim personal, n\u00eb p\u00ebrputhje me p\u00ebrdorimin e parashikuar t\u00eb automjetit dhe se automjeti nuk do t\u00eb vihet n\u00eb dispozicion p\u00ebr p\u00ebrdoruesit e paautorizuar dhe pal\u00ebt e treta;<\/li>\n<li>p\u00ebr t&#8217;u kujdesur p\u00ebr mir\u00ebmbajtjen e rregullt t\u00eb automjeteve, duke n\u00ebnkuptuar rregullisht kontrollin e nivelit t\u00eb ftoh\u00ebsit, nivelit t\u00eb vajit, l\u00ebngjeve t\u00eb tjera, presionit t\u00eb gomave etj.<\/li>\n<\/ul>\n<p>&nbsp;<\/p>\n<p>N\u00eb baz\u00eb t\u00eb k\u00ebsaj kontrate, p\u00ebrdoruesi autorizon qiradh\u00ebn\u00ebsin t\u00eb ngarkoj\u00eb t\u00eb gjitha veprat penale t\u00eb trafikut, si dhe biletat e parkimit dhe gjobat e tjera, pa njoftim paraprak, n\u00ebse ato rezultojn\u00eb nga shkelja e ligjeve dhe rregulloreve t\u00eb Republik\u00ebs s\u00eb Shqip\u00ebris\u00eb apo ndonj\u00eb vend tjet\u00ebr, dhe n\u00ebse ato jan\u00eb kryer gjat\u00eb periudh\u00ebs s\u00eb qeras\u00eb. K\u00ebto shpenzime do t\u00eb rriten nga tarifat e trajtimit dhe do t\u00eb ngarkohen n\u00eb debitimin ose kart\u00ebn e kreditit t\u00eb dh\u00ebn\u00eb n\u00eb faqen e par\u00eb t\u00eb k\u00ebsaj kontrate qiraje.<\/p>\n\n\n\n<h2>Vjedhja, Aksidenti i Automjeteve ose Keqfunksionimi<\/h2>\n\n\n\n<p>N\u00eb rast aksidenti, d\u00ebmtimi t\u00eb automjeteve, vjedhja, prishja e motorit ose rrethana t\u00eb tjera t\u00eb ngjashme, p\u00ebrdoruesit i k\u00ebrkohet:<\/p>\n<ul>\n<li>t\u00eb siguroj\u00eb parandalimin e d\u00ebmtimeve t\u00eb m\u00ebtejshme t\u00eb automjetit me qera deri n\u00eb marrjen n\u00eb dor\u00ebzim nga qeradh\u00ebn\u00ebsi;<\/li>\n<li>sh\u00ebnoni emrat dhe adresat e d\u00ebshmitar\u00ebve dhe pjes\u00ebmarr\u00ebsve;<\/li>\n<li>Thirrni policin\u00eb dhe siguroni nj\u00eb regjist\u00ebr t\u00eb ngjarjeve, me p\u00ebrjashtim t\u00eb rasteve t\u00eb avarive motorike;<\/li>\n<li>Informoni sa m\u00eb par\u00eb qeradh\u00ebn\u00ebsin;<\/li>\n<li>P\u00ebrdoruesi i automjetit \u00ebsht\u00eb i detyruar t\u00eb raportoj\u00eb \u00e7do d\u00ebm t\u00eb b\u00ebr\u00eb n\u00eb automjet n\u00eb polici.<\/li>\n<li>N\u00eb rast se p\u00ebrdoruesi nuk siguron nj\u00eb raport t\u00eb policis\u00eb, nuk b\u00ebn nj\u00eb deklarat\u00eb dhe nuk siguron nj\u00eb prov\u00eb alkooli, t\u00eb gjitha shpenzimet e d\u00ebmeve n\u00eb lidhje me d\u00ebmin ose automjetin e humbur, do ti ngarkohen p\u00ebrdoruesit te automjetit n\u00eb shum\u00ebn e plot\u00eb, duke p\u00ebrfshir\u00eb fitimet e humbura n\u00eb shum\u00ebn e qiras\u00eb ditore p\u00ebr shkak t\u00eb mos p\u00ebrdorimit t\u00eb automjetit gjat\u00eb koh\u00ebzgjatjes s\u00eb riparimit, deri n\u00eb maksimum 30 dit\u00eb.<\/li>\n<\/ul>\n\t\t\t\t\t\t\t\t<\/div>\n\t\t\t\t<\/div>\n\t\t\t\t\t<\/div>\n\t\t<\/div>\n\t\t\t\t\t<\/div>\n\t\t<\/section>\n\t\t\t\t<\/div>\n\t\t","protected":false},"excerpt":{"rendered":"<p>Preliminary Provisions Marrja me qera e automjeteve p\u00ebrfshin n\u00ebnshkrimin e nj\u00eb kontrate e cila autorizon p\u00ebrdorimin e automjetit duke p\u00ebrfshir\u00eb n\u00eb \u00e7mim t\u00eb gjitha sh\u00ebrbimet e tjera shtes\u00eb. N\u00ebnshkrimi i kontrat\u00ebs nga t\u00eb dy pal\u00ebt n\u00ebnkupton pranimin e plot\u00eb t\u00eb kushteve t\u00eb saj mbi statusin e kilometrazhit, nivelin e karburantit, d\u00ebmtimet dhe mang\u00ebsit\u00eb e mundshme [&hellip;]<\/p>\n","protected":false},"author":4,"featured_media":0,"parent":0,"menu_order":0,"comment_status":"closed","ping_status":"closed","template":"elementor_header_footer","meta":{"footnotes":""},"class_list":["post-13580","page","type-page","status-publish","hentry"],"yoast_head":"<!-- This site is optimized with the Yoast SEO Premium plugin v23.7 (Yoast SEO v27.3) - https:\/\/yoast.com\/product\/yoast-seo-premium-wordpress\/ -->\n<title>Termat dhe Kushtet - Cool Rental Car<\/title>\n<meta name=\"robots\" content=\"index, follow, max-snippet:-1, max-image-preview:large, max-video-preview:-1\" \/>\n<link rel=\"canonical\" href=\"https:\/\/coolrentalcar.com\/sq\/termat-dhe-kushtet\/\" \/>\n<meta property=\"og:locale\" content=\"sq_AL\" \/>\n<meta property=\"og:type\" content=\"article\" \/>\n<meta property=\"og:title\" content=\"Termat dhe Kushtet\" \/>\n<meta property=\"og:description\" content=\"Preliminary Provisions Marrja me qera e automjeteve p\u00ebrfshin n\u00ebnshkrimin e nj\u00eb kontrate e cila autorizon p\u00ebrdorimin e automjetit duke p\u00ebrfshir\u00eb n\u00eb \u00e7mim t\u00eb gjitha sh\u00ebrbimet e tjera shtes\u00eb. N\u00ebnshkrimi i kontrat\u00ebs nga t\u00eb dy pal\u00ebt n\u00ebnkupton pranimin e plot\u00eb t\u00eb kushteve t\u00eb saj mbi statusin e kilometrazhit, nivelin e karburantit, d\u00ebmtimet dhe mang\u00ebsit\u00eb e mundshme [&hellip;]\" \/>\n<meta property=\"og:url\" content=\"https:\/\/coolrentalcar.com\/sq\/termat-dhe-kushtet\/\" \/>\n<meta property=\"og:site_name\" content=\"Cool Rental Car\" \/>\n<meta property=\"article:modified_time\" content=\"2023-02-09T13:03:38+00:00\" \/>\n<meta name=\"twitter:card\" content=\"summary_large_image\" \/>\n<meta name=\"twitter:label1\" content=\"Est. reading time\" \/>\n\t<meta name=\"twitter:data1\" content=\"4 minutes\" \/>\n<script type=\"application\/ld+json\" class=\"yoast-schema-graph\">{\"@context\":\"https:\\\/\\\/schema.org\",\"@graph\":[{\"@type\":\"WebPage\",\"@id\":\"https:\\\/\\\/coolrentalcar.com\\\/sq\\\/termat-dhe-kushtet\\\/\",\"url\":\"https:\\\/\\\/coolrentalcar.com\\\/sq\\\/termat-dhe-kushtet\\\/\",\"name\":\"Termat dhe Kushtet - Cool Rental Car\",\"isPartOf\":{\"@id\":\"https:\\\/\\\/coolrentalcar.com\\\/#website\"},\"datePublished\":\"2022-11-27T14:13:12+00:00\",\"dateModified\":\"2023-02-09T13:03:38+00:00\",\"breadcrumb\":{\"@id\":\"https:\\\/\\\/coolrentalcar.com\\\/sq\\\/termat-dhe-kushtet\\\/#breadcrumb\"},\"inLanguage\":\"sq-AL\",\"potentialAction\":[{\"@type\":\"ReadAction\",\"target\":[\"https:\\\/\\\/coolrentalcar.com\\\/sq\\\/termat-dhe-kushtet\\\/\"]}]},{\"@type\":\"BreadcrumbList\",\"@id\":\"https:\\\/\\\/coolrentalcar.com\\\/sq\\\/termat-dhe-kushtet\\\/#breadcrumb\",\"itemListElement\":[{\"@type\":\"ListItem\",\"position\":1,\"name\":\"Home\",\"item\":\"https:\\\/\\\/coolrentalcar.com\\\/sq\\\/\"},{\"@type\":\"ListItem\",\"position\":2,\"name\":\"Termat dhe Kushtet\"}]},{\"@type\":\"WebSite\",\"@id\":\"https:\\\/\\\/coolrentalcar.com\\\/#website\",\"url\":\"https:\\\/\\\/coolrentalcar.com\\\/\",\"name\":\"Cool Rental Car\",\"description\":\"Car Rental Tirana Airport, Rinas Albania\",\"publisher\":{\"@id\":\"https:\\\/\\\/coolrentalcar.com\\\/#organization\"},\"potentialAction\":[{\"@type\":\"SearchAction\",\"target\":{\"@type\":\"EntryPoint\",\"urlTemplate\":\"https:\\\/\\\/coolrentalcar.com\\\/?s={search_term_string}\"},\"query-input\":{\"@type\":\"PropertyValueSpecification\",\"valueRequired\":true,\"valueName\":\"search_term_string\"}}],\"inLanguage\":\"sq-AL\"},{\"@type\":\"Organization\",\"@id\":\"https:\\\/\\\/coolrentalcar.com\\\/#organization\",\"name\":\"Cool Rental Car\",\"url\":\"https:\\\/\\\/coolrentalcar.com\\\/\",\"logo\":{\"@type\":\"ImageObject\",\"inLanguage\":\"sq-AL\",\"@id\":\"https:\\\/\\\/coolrentalcar.com\\\/#\\\/schema\\\/logo\\\/image\\\/\",\"url\":\"https:\\\/\\\/coolrentalcar.com\\\/wp-content\\\/uploads\\\/2023\\\/02\\\/cropped-Icon-COOL-RENTAL-CAR-logo-01.png\",\"contentUrl\":\"https:\\\/\\\/coolrentalcar.com\\\/wp-content\\\/uploads\\\/2023\\\/02\\\/cropped-Icon-COOL-RENTAL-CAR-logo-01.png\",\"width\":512,\"height\":512,\"caption\":\"Cool Rental Car\"},\"image\":{\"@id\":\"https:\\\/\\\/coolrentalcar.com\\\/#\\\/schema\\\/logo\\\/image\\\/\"}}]}<\/script>\n<!-- \/ Yoast SEO Premium plugin. -->","yoast_head_json":{"title":"Termat dhe Kushtet - Cool Rental Car","robots":{"index":"index","follow":"follow","max-snippet":"max-snippet:-1","max-image-preview":"max-image-preview:large","max-video-preview":"max-video-preview:-1"},"canonical":"https:\/\/coolrentalcar.com\/sq\/termat-dhe-kushtet\/","og_locale":"sq_AL","og_type":"article","og_title":"Termat dhe Kushtet","og_description":"Preliminary Provisions Marrja me qera e automjeteve p\u00ebrfshin n\u00ebnshkrimin e nj\u00eb kontrate e cila autorizon p\u00ebrdorimin e automjetit duke p\u00ebrfshir\u00eb n\u00eb \u00e7mim t\u00eb gjitha sh\u00ebrbimet e tjera shtes\u00eb. N\u00ebnshkrimi i kontrat\u00ebs nga t\u00eb dy pal\u00ebt n\u00ebnkupton pranimin e plot\u00eb t\u00eb kushteve t\u00eb saj mbi statusin e kilometrazhit, nivelin e karburantit, d\u00ebmtimet dhe mang\u00ebsit\u00eb e mundshme [&hellip;]","og_url":"https:\/\/coolrentalcar.com\/sq\/termat-dhe-kushtet\/","og_site_name":"Cool Rental Car","article_modified_time":"2023-02-09T13:03:38+00:00","twitter_card":"summary_large_image","twitter_misc":{"Est. reading time":"4 minutes"},"schema":{"@context":"https:\/\/schema.org","@graph":[{"@type":"WebPage","@id":"https:\/\/coolrentalcar.com\/sq\/termat-dhe-kushtet\/","url":"https:\/\/coolrentalcar.com\/sq\/termat-dhe-kushtet\/","name":"Termat dhe Kushtet - Cool Rental Car","isPartOf":{"@id":"https:\/\/coolrentalcar.com\/#website"},"datePublished":"2022-11-27T14:13:12+00:00","dateModified":"2023-02-09T13:03:38+00:00","breadcrumb":{"@id":"https:\/\/coolrentalcar.com\/sq\/termat-dhe-kushtet\/#breadcrumb"},"inLanguage":"sq-AL","potentialAction":[{"@type":"ReadAction","target":["https:\/\/coolrentalcar.com\/sq\/termat-dhe-kushtet\/"]}]},{"@type":"BreadcrumbList","@id":"https:\/\/coolrentalcar.com\/sq\/termat-dhe-kushtet\/#breadcrumb","itemListElement":[{"@type":"ListItem","position":1,"name":"Home","item":"https:\/\/coolrentalcar.com\/sq\/"},{"@type":"ListItem","position":2,"name":"Termat dhe Kushtet"}]},{"@type":"WebSite","@id":"https:\/\/coolrentalcar.com\/#website","url":"https:\/\/coolrentalcar.com\/","name":"Cool Rental Car","description":"Car Rental Tirana Airport, Rinas Albania","publisher":{"@id":"https:\/\/coolrentalcar.com\/#organization"},"potentialAction":[{"@type":"SearchAction","target":{"@type":"EntryPoint","urlTemplate":"https:\/\/coolrentalcar.com\/?s={search_term_string}"},"query-input":{"@type":"PropertyValueSpecification","valueRequired":true,"valueName":"search_term_string"}}],"inLanguage":"sq-AL"},{"@type":"Organization","@id":"https:\/\/coolrentalcar.com\/#organization","name":"Cool Rental Car","url":"https:\/\/coolrentalcar.com\/","logo":{"@type":"ImageObject","inLanguage":"sq-AL","@id":"https:\/\/coolrentalcar.com\/#\/schema\/logo\/image\/","url":"https:\/\/coolrentalcar.com\/wp-content\/uploads\/2023\/02\/cropped-Icon-COOL-RENTAL-CAR-logo-01.png","contentUrl":"https:\/\/coolrentalcar.com\/wp-content\/uploads\/2023\/02\/cropped-Icon-COOL-RENTAL-CAR-logo-01.png","width":512,"height":512,"caption":"Cool Rental Car"},"image":{"@id":"https:\/\/coolrentalcar.com\/#\/schema\/logo\/image\/"}}]}},"_links":{"self":[{"href":"https:\/\/coolrentalcar.com\/sq\/wp-json\/wp\/v2\/pages\/13580","targetHints":{"allow":["GET"]}}],"collection":[{"href":"https:\/\/coolrentalcar.com\/sq\/wp-json\/wp\/v2\/pages"}],"about":[{"href":"https:\/\/coolrentalcar.com\/sq\/wp-json\/wp\/v2\/types\/page"}],"author":[{"embeddable":true,"href":"https:\/\/coolrentalcar.com\/sq\/wp-json\/wp\/v2\/users\/4"}],"replies":[{"embeddable":true,"href":"https:\/\/coolrentalcar.com\/sq\/wp-json\/wp\/v2\/comments?post=13580"}],"version-history":[{"count":4,"href":"https:\/\/coolrentalcar.com\/sq\/wp-json\/wp\/v2\/pages\/13580\/revisions"}],"predecessor-version":[{"id":13735,"href":"https:\/\/coolrentalcar.com\/sq\/wp-json\/wp\/v2\/pages\/13580\/revisions\/13735"}],"wp:attachment":[{"href":"https:\/\/coolrentalcar.com\/sq\/wp-json\/wp\/v2\/media?parent=13580"}],"curies":[{"name":"wp","href":"https:\/\/api.w.org\/{rel}","templated":true}]}}